{"id":41776,"date":"2026-02-19T16:46:27","date_gmt":"2026-02-19T16:46:27","guid":{"rendered":"https:\/\/www.grzeskowitz.de\/?page_id=41776"},"modified":"2026-02-24T11:31:49","modified_gmt":"2026-02-24T11:31:49","slug":"change-package","status":"publish","type":"page","link":"https:\/\/www.grzeskowitz.de\/en\/change-package\/","title":{"rendered":"Change Package"},"content":{"rendered":"\t\t<div data-elementor-type=\"wp-page\" data-elementor-id=\"41776\" class=\"elementor elementor-41776\" data-elementor-post-type=\"page\">\n\t\t\t\t<div class=\"elementor-element elementor-element-0f30348 e-con-full e-flex e-con e-parent\" data-id=\"0f30348\" data-element_type=\"container\" data-e-type=\"container\" data-settings=\"{&quot;background_background&quot;:&quot;classic&quot;}\">\n\t\t<div class=\"elementor-element elementor-element-e08f94b e-flex e-con-boxed e-con e-child\" data-id=\"e08f94b\" data-element_type=\"container\" data-e-type=\"container\">\n\t\t\t\t\t<div class=\"e-con-inner\">\n\t\t\t\t<div class=\"elementor-element elementor-element-edc205c elementor-widget__width-initial elementor-widget-tablet__width-inherit elementor-invisible elementor-widget elementor-widget-heading\" data-id=\"edc205c\" data-element_type=\"widget\" data-e-type=\"widget\" data-settings=\"{&quot;_animation&quot;:&quot;fadeIn&quot;,&quot;_animation_delay&quot;:400}\" data-widget_type=\"heading.default\">\n\t\t\t\t\t<h1 class=\"elementor-heading-title elementor-size-default\">Dein Change Package wartet bereits auf Dich\n<\/h1>\t\t\t\t<\/div>\n\t\t\t\t\t<\/div>\n\t\t\t\t<\/div>\n\t\t\t\t<\/div>\n\t\t<div class=\"elementor-element elementor-element-dea9560 e-flex e-con-boxed e-con e-parent\" data-id=\"dea9560\" data-element_type=\"container\" data-e-type=\"container\" data-settings=\"{&quot;background_background&quot;:&quot;classic&quot;}\">\n\t\t\t\t\t<div class=\"e-con-inner\">\n\t\t<div class=\"elementor-element elementor-element-4e60563 e-con-full e-flex e-con e-child\" data-id=\"4e60563\" data-element_type=\"container\" data-e-type=\"container\">\n\t\t\t\t<div class=\"elementor-element elementor-element-392cd1a elementor-widget-laptop__width-initial elementor-widget-tablet__width-inherit elementor-invisible elementor-widget elementor-widget-heading\" data-id=\"392cd1a\" data-element_type=\"widget\" data-e-type=\"widget\" data-settings=\"{&quot;_animation&quot;:&quot;fadeIn&quot;}\" data-widget_type=\"heading.default\">\n\t\t\t\t\t<h2 class=\"elementor-heading-title elementor-size-default\">Nur noch ein Schritt\u2026<\/h2>\t\t\t\t<\/div>\n\t\t\t\t<div class=\"elementor-element elementor-element-7a2f1cd elementor-widget__width-inherit elementor-invisible elementor-widget elementor-widget-text-editor\" data-id=\"7a2f1cd\" data-element_type=\"widget\" data-e-type=\"widget\" data-settings=\"{&quot;_animation&quot;:&quot;fadeIn&quot;,&quot;_animation_delay&quot;:400}\" data-widget_type=\"text-editor.default\">\n\t\t\t\t\t\t\t\t\t<p class=\"font-claude-response-body break-words whitespace-normal leading-[1.7]\">Alles, was Du noch tun musst, ist Deinen Namen und Deine Email-Adresse einzutragen. Wir senden Dir das H\u00f6rbuch und das Handout umgehend in Dein Postfach.<\/p><p class=\"font-claude-response-body break-words whitespace-normal leading-[1.7]\">Viel Spa\u00df damit! Dein Ilja Grzeskowitz<\/p><p class=\"font-claude-response-body break-words whitespace-normal leading-[1.7]\">P.S.: Hat Dir mein Vortrag gefallen? Dann freue ich mich riesig <a href=\"https:\/\/g.page\/r\/CeqqPfV0PvgoEAE\/review\" target=\"_blank\" rel=\"noopener\">\u00fcber eine Rezension bei Google<\/a>.<\/p>\t\t\t\t\t\t\t\t<\/div>\n\t\t\t\t<div class=\"elementor-element elementor-element-2dd2461 elementor-widget__width-initial elementor-widget elementor-widget-html\" data-id=\"2dd2461\" data-element_type=\"widget\" data-e-type=\"widget\" data-widget_type=\"html.default\">\n\t\t\t\t\t<form method=\"post\" action=\"https:\/\/sendfox.com\/form\/19yv6d\/m7pg9x\" class=\"sendfox-form\" id=\"m7pg9x\" data-async=\"true\" data-recaptcha=\"true\">\n<p><label for=\"sendfox_form_name\">First Name: <\/label><input type=\"text\" id=\"sendfox_form_name\" placeholder=\"Dein Name\" name=\"first_name\" required \/><\/p>\n<p><label for=\"sendfox_form_email\">Email: <\/label><input type=\"email\" id=\"sendfox_form_email\" placeholder=\"Deine beste Email Adresse\" name=\"email\" required \/><\/p>\n<!-- no botz please -->\n<div style=\"position: absolute; left: -5000px;\" aria-hidden=\"true\"><input type=\"text\" name=\"a_password\" tabindex=\"-1\" value=\"\" autocomplete=\"off\" \/><\/div>\n<p><button type=\"submit\">AuJa, schick mir das H\u00f6rbuch<\/button><\/p>\n<\/form>\n<script src=\"https:\/\/cdn.sendfox.com\/js\/form.js\" charset=\"utf-8\"><\/script>\n\t\t\t\t\t\t\t<\/div>\n\t\t\t\t<\/div>\n\t\t<div class=\"elementor-element elementor-element-80f97f9 e-con-full e-flex e-con e-child\" data-id=\"80f97f9\" data-element_type=\"container\" data-e-type=\"container\" data-settings=\"{&quot;background_background&quot;:&quot;classic&quot;}\">\n\t\t\t\t<div class=\"elementor-element elementor-element-7dc2159 elementor-widget elementor-widget-image\" data-id=\"7dc2159\" data-element_type=\"widget\" data-e-type=\"widget\" data-widget_type=\"image.default\">\n\t\t\t\t\t\t\t\t\t\t\t\t\t\t\t<img fetchpriority=\"high\" decoding=\"async\" width=\"2560\" height=\"1707\" src=\"https:\/\/www.grzeskowitz.de\/wp-content\/uploads\/2026\/02\/250228_Sopra-Steria_web-174-scaled.jpg\" class=\"attachment-full size-full wp-image-40569\" alt=\"Ilja Grzeskowitz spricht als Keynote Speaker vor Publikum \u00fcber Ver\u00e4nderung.\" srcset=\"https:\/\/www.grzeskowitz.de\/wp-content\/uploads\/2026\/02\/250228_Sopra-Steria_web-174-scaled.jpg 2560w, https:\/\/www.grzeskowitz.de\/wp-content\/uploads\/2026\/02\/250228_Sopra-Steria_web-174-300x200.jpg 300w, https:\/\/www.grzeskowitz.de\/wp-content\/uploads\/2026\/02\/250228_Sopra-Steria_web-174-1024x683.jpg 1024w, https:\/\/www.grzeskowitz.de\/wp-content\/uploads\/2026\/02\/250228_Sopra-Steria_web-174-768x512.jpg 768w, https:\/\/www.grzeskowitz.de\/wp-content\/uploads\/2026\/02\/250228_Sopra-Steria_web-174-1536x1024.jpg 1536w, https:\/\/www.grzeskowitz.de\/wp-content\/uploads\/2026\/02\/250228_Sopra-Steria_web-174-2048x1366.jpg 2048w, https:\/\/www.grzeskowitz.de\/wp-content\/uploads\/2026\/02\/250228_Sopra-Steria_web-174-18x12.jpg 18w\" sizes=\"(max-width: 2560px) 100vw, 2560px\" title=\"\">\t\t\t\t\t\t\t\t\t\t\t\t\t\t\t<\/div>\n\t\t\t\t<\/div>\n\t\t\t\t\t<\/div>\n\t\t\t\t<\/div>\n\t\t\t\t<\/div>\n\t\t","protected":false},"excerpt":{"rendered":"<p>Dein Change Package wartet bereits auf Dich Nur noch ein Schritt\u2026 Alles, was Du noch tun musst, ist Deinen Namen und Deine Email-Adresse einzutragen. Wir senden Dir das H\u00f6rbuch und das Handout umgehend in Dein Postfach. Viel Spa\u00df damit! Dein Ilja Grzeskowitz P.S.: Hat Dir mein Vortrag gefallen? Dann freue ich mich riesig \u00fcber eine [&hellip;]<\/p>\n","protected":false},"author":1,"featured_media":0,"parent":0,"menu_order":0,"comment_status":"closed","ping_status":"closed","template":"elementor_header_footer","meta":{"_acf_changed":false,"footnotes":""},"class_list":["post-41776","page","type-page","status-publish","hentry"],"acf":[],"_links":{"self":[{"href":"https:\/\/www.grzeskowitz.de\/en\/wp-json\/wp\/v2\/pages\/41776","targetHints":{"allow":["GET"]}}],"collection":[{"href":"https:\/\/www.grzeskowitz.de\/en\/wp-json\/wp\/v2\/pages"}],"about":[{"href":"https:\/\/www.grzeskowitz.de\/en\/wp-json\/wp\/v2\/types\/page"}],"author":[{"embeddable":true,"href":"https:\/\/www.grzeskowitz.de\/en\/wp-json\/wp\/v2\/users\/1"}],"replies":[{"embeddable":true,"href":"https:\/\/www.grzeskowitz.de\/en\/wp-json\/wp\/v2\/comments?post=41776"}],"version-history":[{"count":15,"href":"https:\/\/www.grzeskowitz.de\/en\/wp-json\/wp\/v2\/pages\/41776\/revisions"}],"predecessor-version":[{"id":41854,"href":"https:\/\/www.grzeskowitz.de\/en\/wp-json\/wp\/v2\/pages\/41776\/revisions\/41854"}],"wp:attachment":[{"href":"https:\/\/www.grzeskowitz.de\/en\/wp-json\/wp\/v2\/media?parent=41776"}],"curies":[{"name":"wp","href":"https:\/\/api.w.org\/{rel}","templated":true}]}}